{"id":8408,"date":"2024-03-16T16:03:25","date_gmt":"2024-03-16T15:03:25","guid":{"rendered":"https:\/\/djerba-holiday.com\/?page_id=8408"},"modified":"2024-03-16T16:03:28","modified_gmt":"2024-03-16T15:03:28","slug":"aktivity-vylety-pobyty","status":"publish","type":"page","link":"https:\/\/djerba-holiday.com\/cs\/aktivity-vylety-pobyty\/","title":{"rendered":"Prozkoumejte Djerbu s Aktivitami a v\u00fdlety od Djerba Holiday: Dobrodru\u017estv\u00ed pro ka\u017ed\u00fd vkus"},"content":{"rendered":"\n<p>Noc v pou\u0161ti Sahara<\/p>\n\n\n\n<p><font style=\"vertical-align: inherit;\"><font style=\"vertical-align: inherit;\">Djerba, joyau m\u00e9diterran\u00e9en de la Tunisie, est une \u00eele qui regorge de tr\u00e9sors \u00e0 d\u00e9couvrir. Quelle que soit votre envie d\u2019aventure, Djerba Holiday propose un large choix d\u2019activit\u00e9s pour satisfaire tous les voyageurs. Pr\u00e9parez-vous \u00e0 vous immerger dans un monde de d\u00e9couvertes, d\u2019\u00e9motions et d\u2019enrichissement culturel \u00e0 travers nos diff\u00e9rentes cat\u00e9gories d\u2019activit\u00e9s. D\u00e9couvrez ce que Djerba Holiday a \u00e0 offrir, des eaux cristallines de la mer M\u00e9diterran\u00e9e au d\u00e9sert aride du Sahara, en passant par des exp\u00e9riences culturelles authentiques.<\/font><\/font><\/p>\n\n\n\n<h2 class=\"wp-block-heading\"><font style=\"vertical-align: inherit;\"><font style=\"vertical-align: inherit;\">Explorez Djerba avec des activit\u00e9s et des visites<\/font><\/font><\/h2>\n\n\n\n<h2 class=\"wp-block-heading\"><font style=\"vertical-align: inherit;\"><font style=\"vertical-align: inherit;\">Croisi\u00e8re en mer\u00a0: d\u00e9couvrez les eaux scintillantes<\/font><\/font><\/h2>\n\n\n\n<ol class=\"wp-block-list\">\n<li><font style=\"vertical-align: inherit;\"><font style=\"vertical-align: inherit;\"><strong>Bateau pirate<\/strong><\/font><\/font><\/li>\n<\/ol>\n\n\n\n<p><font style=\"vertical-align: inherit;\"><font style=\"vertical-align: inherit;\">Montez \u00e0 bord de notre bateau pirate pour une aventure en haute mer. Surfez sur les vagues et profitez de l&#8217;ambiance pirate. Plongez dans l\u2019eau pour une s\u00e9ance de snorkeling et profitez du soleil.<\/font><\/font><\/p>\n\n\n\n<ol class=\"wp-block-list\" start=\"2\">\n<li><font style=\"vertical-align: inherit;\"><font style=\"vertical-align: inherit;\"><strong>Exp\u00e9dition rapide<\/strong><\/font><\/font><\/li>\n<\/ol>\n\n\n\n<p>Pro milovn\u00edky rychlosti v\u00e1s na\u0161e rychl\u00e9 lod\u011b zavedou b\u011bhem okam\u017eiku na \u00fa\u017easn\u00e9 destinace. Prozkoumejte pob\u0159e\u017e\u00ed Djerby s trochou adrenalinu.<\/p>\n\n\n\n<ol class=\"wp-block-list\" start=\"3\">\n<li><font style=\"vertical-align: inherit;\"><font style=\"vertical-align: inherit;\"><strong>Jet skis<\/strong><\/font><\/font><\/li>\n<\/ol>\n\n\n\n<p>Pokud d\u00e1v\u00e1te p\u0159ednost osobn\u011bj\u0161\u00edmu z\u00e1\u017eitku, \u010dekaj\u00ed na v\u00e1s na\u0161e vodn\u00ed sk\u00fatry. P\u0159evezm\u011bte kontrolu a klouzejte po St\u0159edozemn\u00edm mo\u0159i ve sv\u00e9m vlastn\u00edm tempu.<\/p>\n\n\n\n<ol class=\"wp-block-list\" start=\"4\">\n<li><font style=\"vertical-align: inherit;\"><font style=\"vertical-align: inherit;\"><strong>Voyage de p\u00eache<\/strong><\/font><\/font><\/li>\n<\/ol>\n\n\n\n<p>Vyznava\u010di ryba\u0159en\u00ed najdou sv\u016fj r\u00e1j p\u0159i na\u0161ich ryb\u00e1\u0159sk\u00fdch v\u00fdletech. Nechte se v\u00e9st na\u0161imi m\u00edstn\u00edmi odborn\u00edky k nejlep\u0161\u00edm m\u00edst\u016fm na ryba\u0159en\u00ed.<\/p>\n\n\n\n<ol class=\"wp-block-list\" start=\"5\">\n<li><font style=\"vertical-align: inherit;\"><font style=\"vertical-align: inherit;\"><strong>Voyages VIP<\/strong><\/font><\/font><\/li>\n<\/ol>\n\n\n\n<p>Pro luxusn\u00ed z\u00e1\u017eitek si vyberte na\u0161e VIP v\u00fdlety. U\u017eijte si v\u0161echny v\u00fdhody, prvot\u0159\u00eddn\u00ed vybaven\u00ed a osobn\u00ed servis.<\/p>\n\n\n\n<h2 class=\"wp-block-heading\"><font style=\"vertical-align: inherit;\"><font style=\"vertical-align: inherit;\">Voyages dans le d\u00e9sert : D\u00e9couvrez l&#8217;\u00e2me du Sahara<\/font><\/font><\/h2>\n\n\n\n<ol class=\"wp-block-list\">\n<li><font style=\"vertical-align: inherit;\"><font style=\"vertical-align: inherit;\"><strong>D\u00e9couvrez Dahar<\/strong><\/font><\/font><\/li>\n<\/ol>\n\n\n\n<p>Prozkoumejte hornatou oblast Dahar, kde jsou berbersk\u00e9 tradice zako\u0159en\u011bny po generace. Nav\u0161tivte autentick\u00e9 vesnice, ochutnejte m\u00edstn\u00ed kuchyni a pono\u0159te se do kultury.<\/p>\n\n\n\n<ol class=\"wp-block-list\" start=\"2\">\n<li><font style=\"vertical-align: inherit;\"><font style=\"vertical-align: inherit;\"><strong>Exp\u00e9riences avec les locaux<\/strong><\/font><\/font><\/li>\n<\/ol>\n\n\n\n<p>\u017dijte jako m\u00edstn\u00ed p\u0159i pobytu u m\u00edstn\u00edch obyvatel. Sd\u00edlejte j\u00eddla, u\u010dte se zvyky a objevujte ka\u017edodenn\u00ed \u017eivot obyvatel Daharu a Sahary.<\/p>\n\n\n\n<ol class=\"wp-block-list\" start=\"3\">\n<li><font style=\"vertical-align: inherit;\"><font style=\"vertical-align: inherit;\"><strong>Aventure dans le d\u00e9sert<\/strong><\/font><\/font><\/li>\n<\/ol>\n\n\n\n<p>Objevte mystickou Saharu p\u0159i na\u0161ich individu\u00e1ln\u011b p\u0159izp\u016fsoben\u00fdch v\u00fdletech. Obdivujte p\u00edse\u010dn\u00e9 duny, str\u00e1vte noc pod hv\u011bzdami a objevujte tajemstv\u00ed pou\u0161t\u011b s na\u0161imi zku\u0161en\u00fdmi pr\u016fvodci.<\/p>\n\n\n\n<h2 class=\"wp-block-heading\"><font style=\"vertical-align: inherit;\"><font style=\"vertical-align: inherit;\">Kitesurf : Le vent en libert\u00e9<\/font><\/font><\/h2>\n\n\n\n<ol class=\"wp-block-list\">\n<li><font style=\"vertical-align: inherit;\"><font style=\"vertical-align: inherit;\"><strong>Cours et enseignement<\/strong><\/font><\/font><\/li>\n<\/ol>\n\n\n\n<p>A\u0165 jste za\u010d\u00e1te\u010dn\u00edk nebo zku\u0161en\u00fd, na\u0161e kurzy a v\u00fduka kitesurfingu jsou navr\u017eeny pro v\u0161echny \u00farovn\u011b. Nau\u010dte se z\u00e1klady nebo zdokonalte sv\u00e9 dovednosti s na\u0161imi certifikovan\u00fdmi instruktory.<\/p>\n\n\n\n<ol class=\"wp-block-list\" start=\"2\">\n<li><font style=\"vertical-align: inherit;\"><font style=\"vertical-align: inherit;\"><strong>Location d&#8217;\u00e9quipement<\/strong><\/font><\/font><\/li>\n<\/ol>\n\n\n\n<p>Pro samostatn\u00e9 kitesurfa\u0159e nab\u00edz\u00edme pron\u00e1jem kvalitn\u00edho vybaven\u00ed. U\u017eijte si v\u00edtr v Djerb\u011b ve svobod\u011b.<\/p>\n\n\n\n<ol class=\"wp-block-list\" start=\"3\">\n<li><font style=\"vertical-align: inherit;\"><font style=\"vertical-align: inherit;\"><strong>S\u00e9jours avec kitesurf<\/strong><\/font><\/font><\/li>\n<\/ol>\n\n\n\n<p>Pono\u0159te se do sv\u011bta kitesurfingu s na\u0161imi organizovan\u00fdmi pobyty. Spojujte radost z kitesurfingu s objevov\u00e1n\u00edm Djerby.<\/p>\n\n\n\n<h2 class=\"wp-block-heading\"><font style=\"vertical-align: inherit;\"><font style=\"vertical-align: inherit;\">Plong\u00e9e : D\u00e9couvrez les profondeurs<\/font><\/font><\/h2>\n\n\n\n<ol class=\"wp-block-list\">\n<li><font style=\"vertical-align: inherit;\"><font style=\"vertical-align: inherit;\"><strong>Cours, formations et certificats<\/strong><\/font><\/font><\/li>\n<\/ol>\n\n\n\n<p>Pro milovn\u00edky mo\u0159e na\u0161e kurzy, v\u00fduka a certifik\u00e1ty pot\u00e1p\u011bn\u00ed v\u00e1m otev\u0159ou dve\u0159e do tajemn\u00e9ho sv\u011bta. Z\u00edskejte sv\u016fj certifik\u00e1t a objevujte mo\u0159sk\u00e9 dno Djerby.<\/p>\n\n\n\n<ol class=\"wp-block-list\" start=\"2\">\n<li><font style=\"vertical-align: inherit;\"><font style=\"vertical-align: inherit;\"><strong>S\u00e9jours plong\u00e9e<\/strong><\/font><\/font><\/li>\n<\/ol>\n\n\n\n<p>Je\u0161t\u011b hloub\u011bji se pono\u0159te s na\u0161imi pot\u00e1p\u011b\u010dsk\u00fdmi pobyty. Prozkoumejte nejobl\u00edben\u011bj\u0161\u00ed pot\u00e1p\u011b\u010dsk\u00e9 lokality na ostrov\u011b.<\/p>\n\n\n\n<h2 class=\"wp-block-heading\"><font style=\"vertical-align: inherit;\"><font style=\"vertical-align: inherit;\">Quad &amp; Buggy\u00a0: aventure hors route<\/font><\/font><\/h2>\n\n\n\n<ol class=\"wp-block-list\">\n<li><font style=\"vertical-align: inherit;\"><font style=\"vertical-align: inherit;\"><strong>Excursions et balades<\/strong><\/font><\/font><\/li>\n<\/ol>\n\n\n\n<p>Pokud m\u00e1te r\u00e1di ter\u00e9nn\u00ed dobrodru\u017estv\u00ed, na\u0161e v\u00fdlety na quadu a buggy jsou pro v\u00e1s. Projd\u011bte se vzru\u0161uj\u00edc\u00edmi stezkami a objevujte kr\u00e1sy Djerby jinak.<\/p>\n\n\n\n<ol class=\"wp-block-list\" start=\"2\">\n<li><font style=\"vertical-align: inherit;\"><font style=\"vertical-align: inherit;\"><strong>Propres itin\u00e9raires<\/strong><\/font><\/font><\/li>\n<\/ol>\n\n\n\n<p>M\u016f\u017eeme p\u0159izp\u016fsobit trasy na quadu a buggy podle va\u0161ich preferenc\u00ed. Prozkoumejte Djerbu po sv\u00e9m.<\/p>\n\n\n\n<h2 class=\"wp-block-heading\"><font style=\"vertical-align: inherit;\"><font style=\"vertical-align: inherit;\">Visites culturelles : Plongez dans l&#8217;\u00e2me de Djerba<\/font><\/font><\/h2>\n\n\n\n<ol class=\"wp-block-list\">\n<li><font style=\"vertical-align: inherit;\"><font style=\"vertical-align: inherit;\"><strong>C\u00e9ramique berb\u00e8re<\/strong><\/font><\/font><\/li>\n<\/ol>\n\n\n\n<p>Vytvo\u0159te si vlastn\u00ed p\u0159\u00edb\u011bh \u00fa\u010dast\u00ed na d\u00edln\u011b berbersk\u00e9 keramiky. Objevte starobyl\u00e9 um\u011bn\u00ed a vytvo\u0159te sv\u016fj vlastn\u00ed mistrovsk\u00fd kus.<\/p>\n\n\n\n<ol class=\"wp-block-list\" start=\"2\">\n<li><font style=\"vertical-align: inherit;\"><font style=\"vertical-align: inherit;\"><strong>Souk de la M\u00e9dina<\/strong><\/font><\/font><\/li>\n<\/ol>\n\n\n\n<p>Pono\u0159te se do minulosti p\u0159i prohl\u00eddce med\u00edny Houmt Souk. Setkejte se s \u0159emesln\u00edky, objevte tradi\u010dn\u00ed tkalcovstv\u00ed a prozkoumejte ru\u0161n\u00e9 trhy.<\/p>\n\n\n\n<ol class=\"wp-block-list\" start=\"3\">\n<li><font style=\"vertical-align: inherit;\"><font style=\"vertical-align: inherit;\"><strong>cuisine saharienne<\/strong><\/font><\/font><\/li>\n<\/ol>\n\n\n\n<p>U\u017eijte si jedine\u010dn\u00fd kulin\u00e1\u0159sk\u00fd z\u00e1\u017eitek \u00fa\u010dast\u00ed na p\u0159\u00edprav\u011b saharsk\u00e9 hostiny. Objevte tajemstv\u00ed m\u00edstn\u00ed kuchyn\u011b a ochutnejte j\u00eddlo pod hv\u011bzdami.<\/p>\n\n\n\n<ol class=\"wp-block-list\" start=\"4\">\n<li><font style=\"vertical-align: inherit;\"><font style=\"vertical-align: inherit;\"><strong>Sahara : Terre de secrets<\/strong><\/font><\/font><\/li>\n<\/ol>\n\n\n\n<p>Setkejte se s nom\u00e1dy Sahary, objevte jejich \u017eivotn\u00ed styl a pono\u0159te se do jejich fascinuj\u00edc\u00ed kultury. Z\u00e1\u017eitek, kter\u00fd v\u00e1s zanech\u00e1 trvalej\u0161\u00ed stopu v pam\u011bti.<\/p>\n\n\n\n<p>Djerba Holiday nab\u00edz\u00ed jedine\u010dn\u00fd z\u00e1\u017eitek pro ka\u017ed\u00e9ho cestovatele. A\u0165 u\u017e jste nad\u0161enci do vodn\u00edch sport\u016f, pou\u0161t\u011b, ter\u00e9nn\u00edho dobrodru\u017estv\u00ed, pot\u00e1p\u011bn\u00ed nebo kultury, m\u00e1me pro v\u00e1s perfektn\u00ed aktivitu. Prozkoumejte Djerbu jako nikdy p\u0159edt\u00edm s Djerba Holiday.<\/p>\n","protected":false},"excerpt":{"rendered":"<p>Noc v pou\u0161ti Sahara Djerba, joyau m\u00e9diterran\u00e9en de la Tunisie, est une \u00eele qui regorge de tr\u00e9sors \u00e0 d\u00e9couvrir. Quelle que soit votre envie d\u2019aventure, Djerba Holiday propose un large choix d\u2019activit\u00e9s pour satisfaire tous les voyageurs. Pr\u00e9parez-vous \u00e0 vous immerger dans un monde de d\u00e9couvertes, d\u2019\u00e9motions et d\u2019enrichissement culturel \u00e0 travers nos diff\u00e9rentes cat\u00e9gories [&hellip;]<\/p>\n","protected":false},"author":1,"featured_media":0,"parent":0,"menu_order":0,"comment_status":"closed","ping_status":"closed","template":"","meta":{"footnotes":""},"class_list":["post-8408","page","type-page","status-publish","hentry","travel-monster-post","no-post-thumbnail","latest_post"],"_links":{"self":[{"href":"https:\/\/djerba-holiday.com\/cs\/wp-json\/wp\/v2\/pages\/8408","targetHints":{"allow":["GET"]}}],"collection":[{"href":"https:\/\/djerba-holiday.com\/cs\/wp-json\/wp\/v2\/pages"}],"about":[{"href":"https:\/\/djerba-holiday.com\/cs\/wp-json\/wp\/v2\/types\/page"}],"author":[{"embeddable":true,"href":"https:\/\/djerba-holiday.com\/cs\/wp-json\/wp\/v2\/users\/1"}],"replies":[{"embeddable":true,"href":"https:\/\/djerba-holiday.com\/cs\/wp-json\/wp\/v2\/comments?post=8408"}],"version-history":[{"count":0,"href":"https:\/\/djerba-holiday.com\/cs\/wp-json\/wp\/v2\/pages\/8408\/revisions"}],"wp:attachment":[{"href":"https:\/\/djerba-holiday.com\/cs\/wp-json\/wp\/v2\/media?parent=8408"}],"curies":[{"name":"wp","href":"https:\/\/api.w.org\/{rel}","templated":true}]}}