{"id":3273,"date":"2023-05-15T15:36:40","date_gmt":"2023-05-15T13:36:40","guid":{"rendered":"https:\/\/djerba-holiday.com\/aussergewoehnliche-erlebnisse-auf-djerba\/"},"modified":"2024-03-14T11:23:48","modified_gmt":"2024-03-14T10:23:48","slug":"aussergewoehnliche-erlebnisse-auf-djerba","status":"publish","type":"page","link":"https:\/\/djerba-holiday.com\/de\/aussergewoehnliche-erlebnisse-auf-djerba\/","title":{"rendered":"Au\u00dfergew\u00f6hnliche Erlebnisse auf Djerba"},"content":{"rendered":"\n<p>Bereiten Sie sich mit unseren spannenden Aktivit\u00e4ten auf unvergessliche Erlebnisse vor. Tauchen Sie ein in Reiten, Familienausfl\u00fcge, Naturerkundung, Eintauchen in das Kulturerbe, Adrenalin, Kitesurfen und Sporturlaub. Schaffen Sie bei Ihrem n\u00e4chsten Urlaub unvergessliche Erinnerungen.<\/p>\n","protected":false},"excerpt":{"rendered":"<p>Bereiten Sie sich mit unseren spannenden Aktivit\u00e4ten auf unvergessliche Erlebnisse vor. Tauchen Sie ein in Reiten, Familienausfl\u00fcge, Naturerkundung, Eintauchen in das Kulturerbe, Adrenalin, Kitesurfen und Sporturlaub. Schaffen Sie bei Ihrem n\u00e4chsten Urlaub unvergessliche Erinnerungen.<\/p>\n","protected":false},"author":1,"featured_media":0,"parent":0,"menu_order":0,"comment_status":"closed","ping_status":"closed","template":"templates\/template-trip_types.php","meta":{"footnotes":""},"class_list":["post-3273","page","type-page","status-publish","hentry","travel-monster-post","no-post-thumbnail","latest_post"],"_links":{"self":[{"href":"https:\/\/djerba-holiday.com\/de\/wp-json\/wp\/v2\/pages\/3273","targetHints":{"allow":["GET"]}}],"collection":[{"href":"https:\/\/djerba-holiday.com\/de\/wp-json\/wp\/v2\/pages"}],"about":[{"href":"https:\/\/djerba-holiday.com\/de\/wp-json\/wp\/v2\/types\/page"}],"author":[{"embeddable":true,"href":"https:\/\/djerba-holiday.com\/de\/wp-json\/wp\/v2\/users\/1"}],"replies":[{"embeddable":true,"href":"https:\/\/djerba-holiday.com\/de\/wp-json\/wp\/v2\/comments?post=3273"}],"version-history":[{"count":0,"href":"https:\/\/djerba-holiday.com\/de\/wp-json\/wp\/v2\/pages\/3273\/revisions"}],"wp:attachment":[{"href":"https:\/\/djerba-holiday.com\/de\/wp-json\/wp\/v2\/media?parent=3273"}],"curies":[{"name":"wp","href":"https:\/\/api.w.org\/{rel}","templated":true}]}}