{"id":3283,"date":"2023-05-15T15:36:40","date_gmt":"2023-05-15T13:36:40","guid":{"rendered":"https:\/\/djerba-holiday.com\/niezwykle-doswiadczenia-na-djerbie\/"},"modified":"2024-03-14T11:23:32","modified_gmt":"2024-03-14T10:23:32","slug":"niezwykle-doswiadczenia-na-djerbie","status":"publish","type":"page","link":"https:\/\/djerba-holiday.com\/pl\/niezwykle-doswiadczenia-na-djerbie\/","title":{"rendered":"Niezwyk\u0142e do\u015bwiadczenia na Djerbie"},"content":{"rendered":"\n<p>Przygotuj si\u0119 na niezapomniane wra\u017cenia dzi\u0119ki naszym ekscytuj\u0105cym aktywno\u015bciom. Zanurz si\u0119 w je\u017adzie konnej, rodzinnych wypadach, eksploracji przyrody, zanurzeniu w dziedzictwie, adrenalinie, kitesurfingu i wakacjach sportowych. Stw\u00f3rz niezapomniane wspomnienia podczas nast\u0119pnych wakacji.<\/p>\n","protected":false},"excerpt":{"rendered":"<p>Przygotuj si\u0119 na niezapomniane wra\u017cenia dzi\u0119ki naszym ekscytuj\u0105cym aktywno\u015bciom. Zanurz si\u0119 w je\u017adzie konnej, rodzinnych wypadach, eksploracji przyrody, zanurzeniu w dziedzictwie, adrenalinie, kitesurfingu i wakacjach sportowych. Stw\u00f3rz niezapomniane wspomnienia podczas nast\u0119pnych wakacji.<\/p>\n","protected":false},"author":1,"featured_media":0,"parent":0,"menu_order":0,"comment_status":"closed","ping_status":"closed","template":"templates\/template-trip_types.php","meta":{"footnotes":""},"class_list":["post-3283","page","type-page","status-publish","hentry","travel-monster-post","no-post-thumbnail","latest_post"],"_links":{"self":[{"href":"https:\/\/djerba-holiday.com\/pl\/wp-json\/wp\/v2\/pages\/3283","targetHints":{"allow":["GET"]}}],"collection":[{"href":"https:\/\/djerba-holiday.com\/pl\/wp-json\/wp\/v2\/pages"}],"about":[{"href":"https:\/\/djerba-holiday.com\/pl\/wp-json\/wp\/v2\/types\/page"}],"author":[{"embeddable":true,"href":"https:\/\/djerba-holiday.com\/pl\/wp-json\/wp\/v2\/users\/1"}],"replies":[{"embeddable":true,"href":"https:\/\/djerba-holiday.com\/pl\/wp-json\/wp\/v2\/comments?post=3283"}],"version-history":[{"count":0,"href":"https:\/\/djerba-holiday.com\/pl\/wp-json\/wp\/v2\/pages\/3283\/revisions"}],"wp:attachment":[{"href":"https:\/\/djerba-holiday.com\/pl\/wp-json\/wp\/v2\/media?parent=3283"}],"curies":[{"name":"wp","href":"https:\/\/api.w.org\/{rel}","templated":true}]}}